{"id":270,"date":"2025-05-05T00:35:57","date_gmt":"2025-05-05T00:35:57","guid":{"rendered":"http:\/\/alobira.com\/?page_id=270"},"modified":"2025-05-05T01:05:10","modified_gmt":"2025-05-05T01:05:10","slug":"kepez","status":"publish","type":"page","link":"https:\/\/www.alobira.com\/?page_id=270","title":{"rendered":"Kepez"},"content":{"rendered":"\t\t<div data-elementor-type=\"wp-page\" data-elementor-id=\"270\" class=\"elementor elementor-270\">\n\t\t\t\t\t\t<section class=\"elementor-section elementor-top-section elementor-element elementor-element-bfb06c9 elementor-section-content-middle envato-kit-141-top-0 elementor-section-boxed elementor-section-height-default elementor-section-height-default\" data-id=\"bfb06c9\" data-element_type=\"section\" data-e-type=\"section\" data-settings=\"{&quot;background_background&quot;:&quot;classic&quot;}\">\n\t\t\t\t\t\t\t<div class=\"elementor-background-overlay\"><\/div>\n\t\t\t\t\t\t\t<div class=\"elementor-container elementor-column-gap-wide\">\n\t\t\t\t\t<div class=\"elementor-column elementor-col-100 elementor-top-column elementor-element elementor-element-588188b\" data-id=\"588188b\" data-element_type=\"column\" data-e-type=\"column\">\n\t\t\t<div class=\"elementor-widget-wrap elementor-element-populated\">\n\t\t\t\t\t\t<div class=\"elementor-element elementor-element-e41e32f elementor-widget__width-initial elementor-invisible elementor-widget elementor-widget-heading\" data-id=\"e41e32f\" data-element_type=\"widget\" data-e-type=\"widget\" data-settings=\"{&quot;_animation&quot;:&quot;fadeIn&quot;,&quot;_animation_delay&quot;:100}\" data-widget_type=\"heading.default\">\n\t\t\t\t<div class=\"elementor-widget-container\">\n\t\t\t\t\t<h2 class=\"elementor-heading-title elementor-size-default\">Kepez Alo Bira<\/h2>\t\t\t\t<\/div>\n\t\t\t\t<\/div>\n\t\t\t\t<div class=\"elementor-element elementor-element-943d196 elementor-widget-divider--view-line elementor-invisible elementor-widget elementor-widget-divider\" data-id=\"943d196\" data-element_type=\"widget\" data-e-type=\"widget\" data-settings=\"{&quot;_animation&quot;:&quot;fadeIn&quot;,&quot;_animation_delay&quot;:300}\" data-widget_type=\"divider.default\">\n\t\t\t\t<div class=\"elementor-widget-container\">\n\t\t\t\t\t\t\t<div class=\"elementor-divider\">\n\t\t\t<span class=\"elementor-divider-separator\">\n\t\t\t\t\t\t<\/span>\n\t\t<\/div>\n\t\t\t\t\t\t<\/div>\n\t\t\t\t<\/div>\n\t\t\t\t<section class=\"elementor-section elementor-inner-section elementor-element elementor-element-437cd46 elementor-section-boxed elementor-section-height-default elementor-section-height-default\" data-id=\"437cd46\" data-element_type=\"section\" data-e-type=\"section\">\n\t\t\t\t\t\t<div class=\"elementor-container elementor-column-gap-no\">\n\t\t\t\t\t<div class=\"elementor-column elementor-col-100 elementor-inner-column elementor-element elementor-element-01c46ba\" data-id=\"01c46ba\" data-element_type=\"column\" data-e-type=\"column\">\n\t\t\t<div class=\"elementor-widget-wrap elementor-element-populated\">\n\t\t\t\t\t\t<div class=\"elementor-element elementor-element-29693cd elementor-widget elementor-widget-text-editor\" data-id=\"29693cd\" data-element_type=\"widget\" data-e-type=\"widget\" data-widget_type=\"text-editor.default\">\n\t\t\t\t<div class=\"elementor-widget-container\">\n\t\t\t\t\t\t\t\t\t<h2 class=\"\" data-start=\"156\" data-end=\"194\">Kepez Alo Bira \u2013 Tek T\u0131kla Kap\u0131nda!<\/h2><p class=\"\" data-start=\"196\" data-end=\"449\">Antalya\u2019n\u0131n en h\u0131zl\u0131 geli\u015fen b\u00f6lgelerinden biri olan <strong data-start=\"249\" data-end=\"261\">Kepez\u2019de<\/strong>, gece veya g\u00fcnd\u00fcz fark etmeksizin tek t\u0131kla i\u00e7ki sipari\u015fi vermek art\u0131k \u00e7ok kolay! <strong data-start=\"344\" data-end=\"362\">Kepez Alo Bira<\/strong> hizmetimizle, en sevdi\u011finiz i\u00e7ecekleri evinize kadar g\u00fcvenle ve h\u0131zl\u0131ca ula\u015ft\u0131r\u0131yoruz.<\/p><h3 class=\"\" data-start=\"451\" data-end=\"476\">Neden Kepez Alo Bira?<\/h3><ul data-start=\"478\" data-end=\"1005\"><li class=\"\" data-start=\"478\" data-end=\"615\"><p class=\"\" data-start=\"480\" data-end=\"615\">\ud83d\udd52 <strong data-start=\"483\" data-end=\"509\">Gece Ge\u00e7 Saatte Hizmet<\/strong><br data-start=\"509\" data-end=\"512\" \/>Can\u0131n\u0131z ne zaman isterse; ister ma\u00e7 izlerken, ister arkada\u015flar\u0131n\u0131zlayken, bir telefonla kap\u0131n\u0131zday\u0131z.<\/p><\/li><li class=\"\" data-start=\"617\" data-end=\"767\"><p class=\"\" data-start=\"619\" data-end=\"767\">\ud83d\ude9a <strong data-start=\"622\" data-end=\"640\">H\u0131zl\u0131 Teslimat<\/strong><br data-start=\"640\" data-end=\"643\" \/>Kepez&#8217;in t\u00fcm mahallelerine (Teomanpa\u015fa, Alt\u0131nova, Varsak, G\u00fclveren, \u015eafak vb.) en ge\u00e7 30 dakika i\u00e7inde teslimat garantisi!<\/p><\/li><li class=\"\" data-start=\"769\" data-end=\"904\"><p class=\"\" data-start=\"771\" data-end=\"904\">\ud83c\udf7a <strong data-start=\"774\" data-end=\"798\">Geni\u015f \u00dcr\u00fcn Yelpazesi<\/strong><br data-start=\"798\" data-end=\"801\" \/>Bira, rak\u0131, \u015farap, viski, votka, enerji i\u00e7ecekleri ve at\u0131\u015ft\u0131rmal\u0131klarla dolu zengin \u00fcr\u00fcn se\u00e7enekleri.<\/p><\/li><li class=\"\" data-start=\"906\" data-end=\"1005\"><p class=\"\" data-start=\"908\" data-end=\"1005\">\ud83d\udcde <strong data-start=\"911\" data-end=\"928\">Kolay Sipari\u015f<\/strong><br data-start=\"928\" data-end=\"931\" \/>WhatsApp veya telefonla h\u0131zl\u0131 sipari\u015f imkan\u0131. U\u011fra\u015fma yok, bekletme yok.<\/p><\/li><\/ul><h3 class=\"\" data-start=\"1007\" data-end=\"1039\">Hizmet Verdi\u011fimiz Mahalleler<\/h3><p class=\"\" data-start=\"1041\" data-end=\"1218\">Alo Bira Kepez olarak, ba\u015fta <strong data-start=\"1070\" data-end=\"1080\">Ahatl\u0131<\/strong>, <strong data-start=\"1082\" data-end=\"1094\">Alt\u0131nova<\/strong>, <strong data-start=\"1096\" data-end=\"1115\">Varsak Esentepe<\/strong>, <strong data-start=\"1117\" data-end=\"1130\">D\u00fcdenba\u015f\u0131<\/strong>, <strong data-start=\"1132\" data-end=\"1144\">Y\u00fckseli\u015f<\/strong>, <strong data-start=\"1146\" data-end=\"1160\">Teomanpa\u015fa<\/strong> olmak \u00fczere Kepez\u2019in t\u00fcm mahallelerine hizmet sa\u011fl\u0131yoruz.<\/p><h3 class=\"\" data-start=\"1220\" data-end=\"1254\">Uygun Fiyat &amp; G\u00fcvenilir Hizmet<\/h3><p class=\"\" data-start=\"1256\" data-end=\"1393\">T\u00fcm \u00fcr\u00fcnler orijinal, fatural\u0131 ve uygun fiyatl\u0131d\u0131r. Sipari\u015fleriniz, so\u011fuk zincir korunarak, hijyen kurallar\u0131na uygun \u015fekilde ula\u015ft\u0131r\u0131l\u0131r.<\/p><p class=\"\" data-start=\"1400\" data-end=\"1528\">\u00a0<\/p>\t\t\t\t\t\t\t\t<\/div>\n\t\t\t\t<\/div>\n\t\t\t\t\t<\/div>\n\t\t<\/div>\n\t\t\t\t\t<\/div>\n\t\t<\/section>\n\t\t\t\t\t<\/div>\n\t\t<\/div>\n\t\t\t\t\t<\/div>\n\t\t<\/section>\n\t\t\t\t<\/div>\n\t\t","protected":false},"excerpt":{"rendered":"<p>Kepez Alo Bira Kepez Alo Bira \u2013 Tek T\u0131kla Kap\u0131nda! Antalya\u2019n\u0131n en h\u0131zl\u0131 geli\u015fen b\u00f6lgelerinden biri olan Kepez\u2019de, gece veya g\u00fcnd\u00fcz fark etmeksizin tek t\u0131kla i\u00e7ki sipari\u015fi vermek art\u0131k \u00e7ok kolay! Kepez Alo Bira hizmetimizle, en sevdi\u011finiz i\u00e7ecekleri evinize kadar g\u00fcvenle ve h\u0131zl\u0131ca ula\u015ft\u0131r\u0131yoruz. Neden Kepez Alo Bira? \ud83d\udd52 Gece Ge\u00e7 Saatte HizmetCan\u0131n\u0131z ne zaman [&hellip;]<\/p>\n","protected":false},"author":1,"featured_media":0,"parent":0,"menu_order":0,"comment_status":"closed","ping_status":"closed","template":"elementor_header_footer","meta":{"footnotes":""},"class_list":["post-270","page","type-page","status-publish","hentry"],"blocksy_meta":[],"_links":{"self":[{"href":"https:\/\/www.alobira.com\/index.php?rest_route=\/wp\/v2\/pages\/270","targetHints":{"allow":["GET"]}}],"collection":[{"href":"https:\/\/www.alobira.com\/index.php?rest_route=\/wp\/v2\/pages"}],"about":[{"href":"https:\/\/www.alobira.com\/index.php?rest_route=\/wp\/v2\/types\/page"}],"author":[{"embeddable":true,"href":"https:\/\/www.alobira.com\/index.php?rest_route=\/wp\/v2\/users\/1"}],"replies":[{"embeddable":true,"href":"https:\/\/www.alobira.com\/index.php?rest_route=%2Fwp%2Fv2%2Fcomments&post=270"}],"version-history":[{"count":4,"href":"https:\/\/www.alobira.com\/index.php?rest_route=\/wp\/v2\/pages\/270\/revisions"}],"predecessor-version":[{"id":291,"href":"https:\/\/www.alobira.com\/index.php?rest_route=\/wp\/v2\/pages\/270\/revisions\/291"}],"wp:attachment":[{"href":"https:\/\/www.alobira.com\/index.php?rest_route=%2Fwp%2Fv2%2Fmedia&parent=270"}],"curies":[{"name":"wp","href":"https:\/\/api.w.org\/{rel}","templated":true}]}}