{"id":268,"date":"2025-05-05T00:35:43","date_gmt":"2025-05-05T00:35:43","guid":{"rendered":"http:\/\/alobira.com\/?page_id=268"},"modified":"2025-05-10T11:23:02","modified_gmt":"2025-05-10T11:23:02","slug":"konyaalti","status":"publish","type":"page","link":"https:\/\/www.alobira.com\/?page_id=268","title":{"rendered":"Konyaalt\u0131"},"content":{"rendered":"\t\t<div data-elementor-type=\"wp-page\" data-elementor-id=\"268\" class=\"elementor elementor-268\">\n\t\t\t\t\t\t<section class=\"elementor-section elementor-top-section elementor-element elementor-element-dc76277 elementor-section-content-middle envato-kit-141-top-0 elementor-section-boxed elementor-section-height-default elementor-section-height-default\" data-id=\"dc76277\" data-element_type=\"section\" data-e-type=\"section\" data-settings=\"{&quot;background_background&quot;:&quot;classic&quot;}\">\n\t\t\t\t\t\t\t<div class=\"elementor-background-overlay\"><\/div>\n\t\t\t\t\t\t\t<div class=\"elementor-container elementor-column-gap-wide\">\n\t\t\t\t\t<div class=\"elementor-column elementor-col-100 elementor-top-column elementor-element elementor-element-0f99601\" data-id=\"0f99601\" data-element_type=\"column\" data-e-type=\"column\">\n\t\t\t<div class=\"elementor-widget-wrap elementor-element-populated\">\n\t\t\t\t\t\t<div class=\"elementor-element elementor-element-812aeca elementor-widget__width-initial elementor-invisible elementor-widget elementor-widget-heading\" data-id=\"812aeca\" data-element_type=\"widget\" data-e-type=\"widget\" data-settings=\"{&quot;_animation&quot;:&quot;fadeIn&quot;,&quot;_animation_delay&quot;:100}\" data-widget_type=\"heading.default\">\n\t\t\t\t<div class=\"elementor-widget-container\">\n\t\t\t\t\t<h2 class=\"elementor-heading-title elementor-size-default\">Konyaalt\u0131 Alo Bira<\/h2>\t\t\t\t<\/div>\n\t\t\t\t<\/div>\n\t\t\t\t<div class=\"elementor-element elementor-element-a7af7a5 elementor-widget-divider--view-line elementor-invisible elementor-widget elementor-widget-divider\" data-id=\"a7af7a5\" data-element_type=\"widget\" data-e-type=\"widget\" data-settings=\"{&quot;_animation&quot;:&quot;fadeIn&quot;,&quot;_animation_delay&quot;:300}\" data-widget_type=\"divider.default\">\n\t\t\t\t<div class=\"elementor-widget-container\">\n\t\t\t\t\t\t\t<div class=\"elementor-divider\">\n\t\t\t<span class=\"elementor-divider-separator\">\n\t\t\t\t\t\t<\/span>\n\t\t<\/div>\n\t\t\t\t\t\t<\/div>\n\t\t\t\t<\/div>\n\t\t\t\t<section class=\"elementor-section elementor-inner-section elementor-element elementor-element-0e96be5 elementor-section-boxed elementor-section-height-default elementor-section-height-default\" data-id=\"0e96be5\" data-element_type=\"section\" data-e-type=\"section\">\n\t\t\t\t\t\t<div class=\"elementor-container elementor-column-gap-no\">\n\t\t\t\t\t<div class=\"elementor-column elementor-col-100 elementor-inner-column elementor-element elementor-element-847aea5\" data-id=\"847aea5\" data-element_type=\"column\" data-e-type=\"column\">\n\t\t\t<div class=\"elementor-widget-wrap elementor-element-populated\">\n\t\t\t\t\t\t<div class=\"elementor-element elementor-element-b2e91a7 elementor-widget elementor-widget-text-editor\" data-id=\"b2e91a7\" data-element_type=\"widget\" data-e-type=\"widget\" data-widget_type=\"text-editor.default\">\n\t\t\t\t<div class=\"elementor-widget-container\">\n\t\t\t\t\t\t\t\t\t<h2 class=\"\" data-start=\"153\" data-end=\"225\">Konyaalt\u0131 Alo Bira \u2013 Antalya\u2019n\u0131n En Keyifli Noktas\u0131na H\u0131zl\u0131 Teslimat!<\/h2><p class=\"\" data-start=\"227\" data-end=\"511\">Antalya&#8217;n\u0131n en g\u00f6zde ya\u015fam merkezlerinden biri olan <strong data-start=\"279\" data-end=\"292\">Konyaalt\u0131<\/strong>\u2019nda, art\u0131k en sevdi\u011finiz i\u00e7kiler dakikalar i\u00e7inde kap\u0131n\u0131zda! Gecenin bir yar\u0131s\u0131nda i\u00e7ki almak i\u00e7in d\u0131\u015far\u0131 \u00e7\u0131kman\u0131za gerek yok. <strong data-start=\"420\" data-end=\"442\">Konyaalt\u0131 Alo Bira<\/strong> hizmetiyle, diledi\u011finiz i\u00e7ecekler size sadece bir telefon uzakl\u0131kta!<\/p><h3 class=\"\" data-start=\"513\" data-end=\"542\">Neden Konyaalt\u0131 Alo Bira?<\/h3><ul data-start=\"544\" data-end=\"1111\"><li class=\"\" data-start=\"544\" data-end=\"685\"><p class=\"\" data-start=\"546\" data-end=\"685\">\ud83d\udd50 <strong data-start=\"549\" data-end=\"575\">7\/24 Sipari\u015f Kolayl\u0131\u011f\u0131<\/strong><br data-start=\"575\" data-end=\"578\" \/>Gece ge\u00e7 saatlerde bile bir telefonla sipari\u015finizi verebilir, kesintisiz hizmetin keyfini s\u00fcrebilirsiniz.<\/p><\/li><li class=\"\" data-start=\"687\" data-end=\"853\"><p class=\"\" data-start=\"689\" data-end=\"853\">\ud83d\ude80 <strong data-start=\"692\" data-end=\"720\">H\u0131zl\u0131 Teslimat Garantisi<\/strong><br data-start=\"720\" data-end=\"723\" \/><strong data-start=\"725\" data-end=\"798\">Alt\u0131nkum, G\u00fcrsu, Uncal\u0131, Liman, Hurma, Siteler, \u00d6\u011fretmenevleri, Toros<\/strong> gibi t\u00fcm Konyaalt\u0131 mahallelerine 30 dakikada teslimat!<\/p><\/li><li class=\"\" data-start=\"855\" data-end=\"993\"><p class=\"\" data-start=\"857\" data-end=\"993\">\ud83c\udf7b <strong data-start=\"860\" data-end=\"887\">Zengin \u00dcr\u00fcn Se\u00e7enekleri<\/strong><br data-start=\"887\" data-end=\"890\" \/>So\u011fuk bira, rak\u0131, \u015farap, votka, cin, enerji i\u00e7ecekleri, \u00e7erez ve di\u011fer at\u0131\u015ft\u0131rmal\u0131klar stoklar\u0131m\u0131zda!<\/p><\/li><li class=\"\" data-start=\"995\" data-end=\"1111\"><p class=\"\" data-start=\"997\" data-end=\"1111\">\u2705 <strong data-start=\"999\" data-end=\"1036\">Orijinal \u00dcr\u00fcn &amp; G\u00fcvenli Paketleme<\/strong><br data-start=\"1036\" data-end=\"1039\" \/>T\u00fcm \u00fcr\u00fcnler bandroll\u00fc, orijinal ve hijyenik paketleme ile ula\u015ft\u0131r\u0131l\u0131r.<\/p><\/li><\/ul><h3 class=\"\" data-start=\"1113\" data-end=\"1152\">Konyaalt\u0131&#8217;n\u0131n Her K\u00f6\u015fesine Ula\u015f\u0131r\u0131z<\/h3><p class=\"\" data-start=\"1154\" data-end=\"1291\">Deniz kenar\u0131nda, evde, otelde ya da arkada\u015f ortam\u0131nda&#8230; Nerede olursan\u0131z olun; <strong data-start=\"1234\" data-end=\"1256\">Konyaalt\u0131 Alo Bira<\/strong>, <strong data-start=\"1258\" data-end=\"1291\">siz neredeyseniz oraya gelir!<\/strong><\/p>\t\t\t\t\t\t\t\t<\/div>\n\t\t\t\t<\/div>\n\t\t\t\t\t<\/div>\n\t\t<\/div>\n\t\t\t\t\t<\/div>\n\t\t<\/section>\n\t\t\t\t\t<\/div>\n\t\t<\/div>\n\t\t\t\t\t<\/div>\n\t\t<\/section>\n\t\t\t\t<\/div>\n\t\t","protected":false},"excerpt":{"rendered":"<p>Konyaalt\u0131 Alo Bira Konyaalt\u0131 Alo Bira \u2013 Antalya\u2019n\u0131n En Keyifli Noktas\u0131na H\u0131zl\u0131 Teslimat! Antalya&#8217;n\u0131n en g\u00f6zde ya\u015fam merkezlerinden biri olan Konyaalt\u0131\u2019nda, art\u0131k en sevdi\u011finiz i\u00e7kiler dakikalar i\u00e7inde kap\u0131n\u0131zda! Gecenin bir yar\u0131s\u0131nda i\u00e7ki almak i\u00e7in d\u0131\u015far\u0131 \u00e7\u0131kman\u0131za gerek yok. Konyaalt\u0131 Alo Bira hizmetiyle, diledi\u011finiz i\u00e7ecekler size sadece bir telefon uzakl\u0131kta! Neden Konyaalt\u0131 Alo Bira? \ud83d\udd50 7\/24 [&hellip;]<\/p>\n","protected":false},"author":1,"featured_media":0,"parent":0,"menu_order":0,"comment_status":"closed","ping_status":"closed","template":"elementor_header_footer","meta":{"footnotes":""},"class_list":["post-268","page","type-page","status-publish","hentry"],"blocksy_meta":[],"_links":{"self":[{"href":"https:\/\/www.alobira.com\/index.php?rest_route=\/wp\/v2\/pages\/268","targetHints":{"allow":["GET"]}}],"collection":[{"href":"https:\/\/www.alobira.com\/index.php?rest_route=\/wp\/v2\/pages"}],"about":[{"href":"https:\/\/www.alobira.com\/index.php?rest_route=\/wp\/v2\/types\/page"}],"author":[{"embeddable":true,"href":"https:\/\/www.alobira.com\/index.php?rest_route=\/wp\/v2\/users\/1"}],"replies":[{"embeddable":true,"href":"https:\/\/www.alobira.com\/index.php?rest_route=%2Fwp%2Fv2%2Fcomments&post=268"}],"version-history":[{"count":4,"href":"https:\/\/www.alobira.com\/index.php?rest_route=\/wp\/v2\/pages\/268\/revisions"}],"predecessor-version":[{"id":316,"href":"https:\/\/www.alobira.com\/index.php?rest_route=\/wp\/v2\/pages\/268\/revisions\/316"}],"wp:attachment":[{"href":"https:\/\/www.alobira.com\/index.php?rest_route=%2Fwp%2Fv2%2Fmedia&parent=268"}],"curies":[{"name":"wp","href":"https:\/\/api.w.org\/{rel}","templated":true}]}}