{"id":264,"date":"2025-05-05T00:35:01","date_gmt":"2025-05-05T00:35:01","guid":{"rendered":"http:\/\/alobira.com\/?page_id=264"},"modified":"2025-05-10T11:22:58","modified_gmt":"2025-05-10T11:22:58","slug":"hakkimizda","status":"publish","type":"page","link":"https:\/\/www.alobira.com\/?page_id=264","title":{"rendered":"hakk\u0131m\u0131zda"},"content":{"rendered":"\t\t<div data-elementor-type=\"wp-page\" data-elementor-id=\"264\" class=\"elementor elementor-264\">\n\t\t\t\t\t\t<section class=\"elementor-section elementor-top-section elementor-element elementor-element-14279f7 elementor-section-content-middle envato-kit-141-top-0 elementor-section-boxed elementor-section-height-default elementor-section-height-default\" data-id=\"14279f7\" data-element_type=\"section\" data-e-type=\"section\" data-settings=\"{&quot;background_background&quot;:&quot;classic&quot;}\">\n\t\t\t\t\t\t\t<div class=\"elementor-background-overlay\"><\/div>\n\t\t\t\t\t\t\t<div class=\"elementor-container elementor-column-gap-wide\">\n\t\t\t\t\t<div class=\"elementor-column elementor-col-100 elementor-top-column elementor-element elementor-element-1624e78e\" data-id=\"1624e78e\" data-element_type=\"column\" data-e-type=\"column\">\n\t\t\t<div class=\"elementor-widget-wrap elementor-element-populated\">\n\t\t\t\t\t\t<div class=\"elementor-element elementor-element-1fedb027 elementor-invisible elementor-widget elementor-widget-heading\" data-id=\"1fedb027\" data-element_type=\"widget\" data-e-type=\"widget\" data-settings=\"{&quot;_animation&quot;:&quot;fadeIn&quot;,&quot;_animation_delay&quot;:50}\" data-widget_type=\"heading.default\">\n\t\t\t\t<div class=\"elementor-widget-container\">\n\t\t\t\t\t<h2 class=\"elementor-heading-title elementor-size-default\">Alo Bira <\/h2>\t\t\t\t<\/div>\n\t\t\t\t<\/div>\n\t\t\t\t<div class=\"elementor-element elementor-element-2e3a9bbd elementor-widget__width-initial elementor-invisible elementor-widget elementor-widget-heading\" data-id=\"2e3a9bbd\" data-element_type=\"widget\" data-e-type=\"widget\" data-settings=\"{&quot;_animation&quot;:&quot;fadeIn&quot;,&quot;_animation_delay&quot;:100}\" data-widget_type=\"heading.default\">\n\t\t\t\t<div class=\"elementor-widget-container\">\n\t\t\t\t\t<h2 class=\"elementor-heading-title elementor-size-default\">Hakk\u0131m\u0131zda<\/h2>\t\t\t\t<\/div>\n\t\t\t\t<\/div>\n\t\t\t\t<div class=\"elementor-element elementor-element-39d45e elementor-widget-divider--view-line elementor-invisible elementor-widget elementor-widget-divider\" data-id=\"39d45e\" data-element_type=\"widget\" data-e-type=\"widget\" data-settings=\"{&quot;_animation&quot;:&quot;fadeIn&quot;,&quot;_animation_delay&quot;:300}\" data-widget_type=\"divider.default\">\n\t\t\t\t<div class=\"elementor-widget-container\">\n\t\t\t\t\t\t\t<div class=\"elementor-divider\">\n\t\t\t<span class=\"elementor-divider-separator\">\n\t\t\t\t\t\t<\/span>\n\t\t<\/div>\n\t\t\t\t\t\t<\/div>\n\t\t\t\t<\/div>\n\t\t\t\t<section class=\"elementor-section elementor-inner-section elementor-element elementor-element-9f68333 elementor-section-boxed elementor-section-height-default elementor-section-height-default\" data-id=\"9f68333\" data-element_type=\"section\" data-e-type=\"section\">\n\t\t\t\t\t\t<div class=\"elementor-container elementor-column-gap-no\">\n\t\t\t\t\t<div class=\"elementor-column elementor-col-100 elementor-inner-column elementor-element elementor-element-e3633d3\" data-id=\"e3633d3\" data-element_type=\"column\" data-e-type=\"column\">\n\t\t\t<div class=\"elementor-widget-wrap elementor-element-populated\">\n\t\t\t\t\t\t<div class=\"elementor-element elementor-element-6b960145 elementor-widget elementor-widget-text-editor\" data-id=\"6b960145\" data-element_type=\"widget\" data-e-type=\"widget\" data-widget_type=\"text-editor.default\">\n\t\t\t\t<div class=\"elementor-widget-container\">\n\t\t\t\t\t\t\t\t\t<p class=\"\" data-start=\"305\" data-end=\"616\">Antalya\u2019n\u0131n kalbi say\u0131lan Konyaalt\u0131, Muratpa\u015fa ve Kepez il\u00e7elerinde; g\u00fcvenilir, \u015feffaf ve m\u00fc\u015fteri odakl\u0131 hizmet anlay\u0131\u015f\u0131m\u0131zla y\u0131llard\u0131r faaliyet g\u00f6steriyoruz. B\u00f6lgemizin dinamik yap\u0131s\u0131n\u0131 ve her mahallenin kendine \u00f6zg\u00fc yap\u0131s\u0131n\u0131 yak\u0131ndan tan\u0131yor, bu bilgi birikimiyle m\u00fc\u015fterilerimize en do\u011fru \u00e7\u00f6z\u00fcmleri sunuyoruz.<\/p><p class=\"\" data-start=\"618\" data-end=\"922\">Hizmet verdi\u011fimiz her mahallede; d\u00fcr\u00fcstl\u00fck, zaman\u0131nda teslim ve s\u00fcrd\u00fcr\u00fclebilir memnuniyet ilkesiyle \u00e7al\u0131\u015f\u0131yor, yerel de\u011ferlerle global standartlar\u0131 birle\u015ftiriyoruz. Geli\u015fen Antalya\u2019y\u0131 ad\u0131m ad\u0131m takip ederek, ya\u015fam alanlar\u0131 ve yat\u0131r\u0131m f\u0131rsatlar\u0131 konusunda dan\u0131\u015fanlar\u0131m\u0131za profesyonel rehberlik sa\u011fl\u0131yoruz.<\/p><p class=\"\" data-start=\"924\" data-end=\"1110\">Misyonumuz, yaln\u0131zca i\u015flem yapmak de\u011fil; g\u00fcvene dayal\u0131 uzun soluklu ili\u015fkiler kurmakt\u0131r. Mahallenizi tan\u0131yor, ihtiyac\u0131n\u0131z\u0131 anl\u0131yor ve sizin i\u00e7in en uygun f\u0131rsatlar\u0131 titizlikle se\u00e7iyoruz.<\/p><p class=\"\" data-start=\"1112\" data-end=\"1152\"><strong data-start=\"1112\" data-end=\"1152\">Yerel g\u00fcc\u00fcm\u00fcz, global vizyonumuzdur.<\/strong><\/p>\t\t\t\t\t\t\t\t<\/div>\n\t\t\t\t<\/div>\n\t\t\t\t\t<\/div>\n\t\t<\/div>\n\t\t\t\t\t<\/div>\n\t\t<\/section>\n\t\t\t\t\t<\/div>\n\t\t<\/div>\n\t\t\t\t\t<\/div>\n\t\t<\/section>\n\t\t\t\t<\/div>\n\t\t","protected":false},"excerpt":{"rendered":"<p>Alo Bira Hakk\u0131m\u0131zda Antalya\u2019n\u0131n kalbi say\u0131lan Konyaalt\u0131, Muratpa\u015fa ve Kepez il\u00e7elerinde; g\u00fcvenilir, \u015feffaf ve m\u00fc\u015fteri odakl\u0131 hizmet anlay\u0131\u015f\u0131m\u0131zla y\u0131llard\u0131r faaliyet g\u00f6steriyoruz. B\u00f6lgemizin dinamik yap\u0131s\u0131n\u0131 ve her mahallenin kendine \u00f6zg\u00fc yap\u0131s\u0131n\u0131 yak\u0131ndan tan\u0131yor, bu bilgi birikimiyle m\u00fc\u015fterilerimize en do\u011fru \u00e7\u00f6z\u00fcmleri sunuyoruz. Hizmet verdi\u011fimiz her mahallede; d\u00fcr\u00fcstl\u00fck, zaman\u0131nda teslim ve s\u00fcrd\u00fcr\u00fclebilir memnuniyet ilkesiyle \u00e7al\u0131\u015f\u0131yor, yerel de\u011ferlerle global [&hellip;]<\/p>\n","protected":false},"author":1,"featured_media":0,"parent":0,"menu_order":0,"comment_status":"closed","ping_status":"closed","template":"elementor_header_footer","meta":{"footnotes":""},"class_list":["post-264","page","type-page","status-publish","hentry"],"blocksy_meta":[],"_links":{"self":[{"href":"https:\/\/www.alobira.com\/index.php?rest_route=\/wp\/v2\/pages\/264","targetHints":{"allow":["GET"]}}],"collection":[{"href":"https:\/\/www.alobira.com\/index.php?rest_route=\/wp\/v2\/pages"}],"about":[{"href":"https:\/\/www.alobira.com\/index.php?rest_route=\/wp\/v2\/types\/page"}],"author":[{"embeddable":true,"href":"https:\/\/www.alobira.com\/index.php?rest_route=\/wp\/v2\/users\/1"}],"replies":[{"embeddable":true,"href":"https:\/\/www.alobira.com\/index.php?rest_route=%2Fwp%2Fv2%2Fcomments&post=264"}],"version-history":[{"count":7,"href":"https:\/\/www.alobira.com\/index.php?rest_route=\/wp\/v2\/pages\/264\/revisions"}],"predecessor-version":[{"id":313,"href":"https:\/\/www.alobira.com\/index.php?rest_route=\/wp\/v2\/pages\/264\/revisions\/313"}],"wp:attachment":[{"href":"https:\/\/www.alobira.com\/index.php?rest_route=%2Fwp%2Fv2%2Fmedia&parent=264"}],"curies":[{"name":"wp","href":"https:\/\/api.w.org\/{rel}","templated":true}]}}